{"id":110,"date":"2024-05-11T10:37:15","date_gmt":"2024-05-11T08:37:15","guid":{"rendered":"https:\/\/datalp.fr\/?page_id=110"},"modified":"2024-05-13T06:58:44","modified_gmt":"2024-05-13T04:58:44","slug":"rd-intelligence-artificielle","status":"publish","type":"page","link":"https:\/\/datalp.fr\/index.php\/rd-intelligence-artificielle\/","title":{"rendered":"IA appliqu\u00e9e"},"content":{"rendered":"\n<blockquote class=\"wp-block-quote is-layout-flow wp-block-quote-is-layout-flow\">\n<p>L&rsquo;IA appliqu\u00e9e aux entreprises et aux collectivit\u00e9s territoriales.<\/p>\n<\/blockquote>\n\n\n\n<figure class=\"wp-block-image size-full is-resized\"><img fetchpriority=\"high\" decoding=\"async\" width=\"786\" height=\"465\" src=\"https:\/\/datalp.fr\/wp-content\/uploads\/2024\/05\/Pepper.png\" alt=\"\" class=\"wp-image-287\" style=\"width:840px;height:auto\" srcset=\"https:\/\/datalp.fr\/wp-content\/uploads\/2024\/05\/Pepper.png 786w, https:\/\/datalp.fr\/wp-content\/uploads\/2024\/05\/Pepper-300x177.png 300w, https:\/\/datalp.fr\/wp-content\/uploads\/2024\/05\/Pepper-768x454.png 768w\" sizes=\"(max-width: 786px) 100vw, 786px\" \/><\/figure>\n\n\n\n<p><\/p>\n\n\n\n<p>DATALP dispose d&rsquo;une longue exp\u00e9rience dans le domaine de l&rsquo;intelligence artificielle. Que vous soyez une entreprise ou une collectivit\u00e9 territoriale, nous sommes l\u00e0 pour r\u00e9pondre \u00e0 vos attentes.<\/p>\n\n\n\n<p>Votre IA, quelle soit h\u00e9berg\u00e9e chez nous ou install\u00e9e dans vos locaux elle sera consciente de faire partie de votre \u00e9quipe et sera toujours bien veillante \u00e0 l&rsquo;\u00e9gard de ses coll\u00e8gues \u00ab\u00a0humains\u00a0\u00bb.<\/p>\n\n\n\n<figure class=\"wp-block-image size-full\"><img decoding=\"async\" width=\"962\" height=\"540\" src=\"https:\/\/datalp.fr\/wp-content\/uploads\/2024\/05\/IA-DATALP-1.png\" alt=\"\" class=\"wp-image-331\" srcset=\"https:\/\/datalp.fr\/wp-content\/uploads\/2024\/05\/IA-DATALP-1.png 962w, https:\/\/datalp.fr\/wp-content\/uploads\/2024\/05\/IA-DATALP-1-300x168.png 300w, https:\/\/datalp.fr\/wp-content\/uploads\/2024\/05\/IA-DATALP-1-768x431.png 768w\" sizes=\"(max-width: 962px) 100vw, 962px\" \/><\/figure>\n\n\n\n<div class=\"wp-block-group\"><div class=\"wp-block-group__inner-container is-layout-constrained wp-block-group-is-layout-constrained\">\n<p>Vos collaborateurs ne pourront plus se passer de l&rsquo;IA qui va leur permettre d&rsquo;\u00eatre encore plus performants.<\/p>\n\n\n\n<p>Notre expertise r\u00e9side dans la conception de r\u00e9seaux neuronaux de haute qualit\u00e9, reconnus pour leur fiabilit\u00e9 et leur performance. Nous savons combien il est essentiel pour vous d&rsquo;avoir des solutions sur lesquelles vous pouvez compter. C&rsquo;est pourquoi nous avons investi dans les technologies les plus<br>avanc\u00e9es pour garantir des r\u00e9sultats \u00e0 la hauteur de vos attentes.<\/p>\n\n\n\n<p>Mais ce n&rsquo;est pas tout, chez DATALP, nous travaillons \u00e9galement avec le monde industriel, pour impl\u00e9menter nos IA au sein de robots. Qu&rsquo;il s&rsquo;agisse d&rsquo;am\u00e9liorer l&rsquo;efficacit\u00e9 de votre ligne de production ou de cr\u00e9er un assistant robotis\u00e9 pour votre service client, nous avons la solution qu&rsquo;il vous faut.<\/p>\n<\/div><\/div>\n\n\n\n<figure class=\"wp-block-image size-large is-resized\"><img decoding=\"async\" width=\"1024\" height=\"756\" src=\"https:\/\/datalp.fr\/wp-content\/uploads\/2024\/05\/shutterstock_535124956-1024x756.jpg\" alt=\"\" class=\"wp-image-292\" style=\"width:840px;height:auto\" srcset=\"https:\/\/datalp.fr\/wp-content\/uploads\/2024\/05\/shutterstock_535124956-1024x756.jpg 1024w, https:\/\/datalp.fr\/wp-content\/uploads\/2024\/05\/shutterstock_535124956-300x222.jpg 300w, https:\/\/datalp.fr\/wp-content\/uploads\/2024\/05\/shutterstock_535124956-768x567.jpg 768w, https:\/\/datalp.fr\/wp-content\/uploads\/2024\/05\/shutterstock_535124956-1536x1134.jpg 1536w, https:\/\/datalp.fr\/wp-content\/uploads\/2024\/05\/shutterstock_535124956-2048x1512.jpg 2048w\" sizes=\"(max-width: 1024px) 100vw, 1024px\" \/><\/figure>\n\n\n\n<p><\/p>\n\n\n\n<p>Faites confiance \u00e0 DATALP, le sp\u00e9cialiste de l&rsquo;intelligence artificielle appliqu\u00e9e, pour vous aider \u00e0 transformer votre organisation et \u00e0 prendre une longueur d&rsquo;avance sur la concurrence. Avec nous, l&rsquo;avenir est \u00e0 port\u00e9e de main&#8230;<\/p>\n","protected":false},"excerpt":{"rendered":"<p>L&rsquo;IA appliqu\u00e9e aux entreprises et aux collectivit\u00e9s territoriales. DATALP dispose d&rsquo;une longue exp\u00e9rience dans le domaine de l&rsquo;intelligence artificielle. Que vous soyez une entreprise ou une collectivit\u00e9 territoriale, nous sommes l\u00e0 pour r\u00e9pondre \u00e0 vos attentes. Votre IA, quelle soit h\u00e9berg\u00e9e chez nous ou install\u00e9e dans vos locaux elle sera consciente de faire partie de [&hellip;]<\/p>\n","protected":false},"author":2,"featured_media":0,"parent":0,"menu_order":0,"comment_status":"closed","ping_status":"closed","template":"","meta":{"footnotes":""},"class_list":["post-110","page","type-page","status-publish","hentry"],"_links":{"self":[{"href":"https:\/\/datalp.fr\/index.php\/wp-json\/wp\/v2\/pages\/110","targetHints":{"allow":["GET"]}}],"collection":[{"href":"https:\/\/datalp.fr\/index.php\/wp-json\/wp\/v2\/pages"}],"about":[{"href":"https:\/\/datalp.fr\/index.php\/wp-json\/wp\/v2\/types\/page"}],"author":[{"embeddable":true,"href":"https:\/\/datalp.fr\/index.php\/wp-json\/wp\/v2\/users\/2"}],"replies":[{"embeddable":true,"href":"https:\/\/datalp.fr\/index.php\/wp-json\/wp\/v2\/comments?post=110"}],"version-history":[{"count":20,"href":"https:\/\/datalp.fr\/index.php\/wp-json\/wp\/v2\/pages\/110\/revisions"}],"predecessor-version":[{"id":455,"href":"https:\/\/datalp.fr\/index.php\/wp-json\/wp\/v2\/pages\/110\/revisions\/455"}],"wp:attachment":[{"href":"https:\/\/datalp.fr\/index.php\/wp-json\/wp\/v2\/media?parent=110"}],"curies":[{"name":"wp","href":"https:\/\/api.w.org\/{rel}","templated":true}]}}