{"id":213,"date":"2024-05-12T16:46:17","date_gmt":"2024-05-12T14:46:17","guid":{"rendered":"https:\/\/datalp.fr\/?page_id=213"},"modified":"2024-05-13T06:36:40","modified_gmt":"2024-05-13T04:36:40","slug":"services-it-conception-et-evolution-des-infrastructures","status":"publish","type":"page","link":"https:\/\/datalp.fr\/index.php\/services-it-conception-et-evolution-des-infrastructures\/","title":{"rendered":"Services IT\u00a0Conception et \u00e9volution des infrastructures"},"content":{"rendered":"\n<p><strong>Depuis plus de 30 ans, en tant qu\u2019\u00e9diteur de logiciels et sp\u00e9cialiste des infrastructures,&nbsp;DATALP&nbsp;a pu d\u00e9velopper et mettre en place une organisation rigoureuse de gestion de projets.&nbsp;<\/strong><strong>Cette organisation a d\u2019ailleurs \u00e9t\u00e9 audit\u00e9e pendant de tr\u00e8s nombreuses ann\u00e9es pour la tr\u00e8s exigeante certification qualit\u00e9 ISO 9001.<\/strong><\/p>\n\n\n\n<p>\u200bCette expertise reconnue dans la conception de logiciels et d\u2019infrastructures permet \u00e0&nbsp;DATALP&nbsp;de proposer des missions d\u2019assistance \u00e0 la ma\u00eetrise d\u2019ouvrage dans le cadre de projets informatiques (cr\u00e9ation ou \u00e9volution).<\/p>\n\n\n\n<p>\u200bNous concevons pour vous ou avec vous l\u2019architecture de votre syst\u00e8me d\u2019information.<\/p>\n\n\n\n<figure class=\"wp-block-image size-full\"><img fetchpriority=\"high\" decoding=\"async\" width=\"1024\" height=\"592\" src=\"https:\/\/datalp.fr\/wp-content\/uploads\/2024\/05\/Services-IT.png\" alt=\"\" class=\"wp-image-214\" srcset=\"https:\/\/datalp.fr\/wp-content\/uploads\/2024\/05\/Services-IT.png 1024w, https:\/\/datalp.fr\/wp-content\/uploads\/2024\/05\/Services-IT-300x173.png 300w, https:\/\/datalp.fr\/wp-content\/uploads\/2024\/05\/Services-IT-768x444.png 768w\" sizes=\"(max-width: 1024px) 100vw, 1024px\" \/><\/figure>\n\n\n\n<p>\u200b<\/p>\n\n\n\n<p>DATALP\u00a0apporte une plus-value ind\u00e9niable au suivi et \u00e0 la r\u00e9alisation des projets.<\/p>\n\n\n\n<p>\u200bSoucieuse de la qualit\u00e9 de ses logiciels et services,&nbsp;DATALP&nbsp;travaille sur la base des tr\u00e8s exigeantes certifications ISO 9001 et ISO 27001, preuve entre autres, de la volont\u00e9 qui est la sienne de r\u00e9pondre toujours mieux aux besoins et attentes de sa client\u00e8le, tant en terme de qualit\u00e9 que de s\u00e9curit\u00e9.\u200b<\/p>\n\n\n\n<p>DATALP propose \u00e9galement&nbsp;des missions d\u2019Audit de syst\u00e8mes informatiques&nbsp;r\u00e9alis\u00e9s par ses collaborateurs, tous confirm\u00e9s dans les diff\u00e9rentes technologies du march\u00e9. Leurs principales qualit\u00e9s sont la curiosit\u00e9, l\u2019int\u00e9grit\u00e9 et bien s\u00fbr de fortes capacit\u00e9s d\u2019analyse et de synth\u00e8se.<\/p>\n\n\n\n<p>\u200bEn temps qu\u2019\u00e9diteur de logiciels et sp\u00e9cialiste d\u2019infrastructures,&nbsp;DATALP&nbsp;est particuli\u00e8rement consciente que la gestion efficace des syst\u00e8mes d\u2019information est essentielle pour la bonne marche d\u2019une entreprise ou d\u2019une collectivit\u00e9. Il est donc indispensable de g\u00e9rer les risques li\u00e9s au syst\u00e8me d\u2019information.<\/p>\n","protected":false},"excerpt":{"rendered":"<p>Depuis plus de 30 ans, en tant qu\u2019\u00e9diteur de logiciels et sp\u00e9cialiste des infrastructures,&nbsp;DATALP&nbsp;a pu d\u00e9velopper et mettre en place une organisation rigoureuse de gestion de projets.&nbsp;Cette organisation a d\u2019ailleurs \u00e9t\u00e9 audit\u00e9e pendant de tr\u00e8s nombreuses ann\u00e9es pour la tr\u00e8s exigeante certification qualit\u00e9 ISO 9001. \u200bCette expertise reconnue dans la conception de logiciels et d\u2019infrastructures [&hellip;]<\/p>\n","protected":false},"author":2,"featured_media":0,"parent":0,"menu_order":0,"comment_status":"closed","ping_status":"closed","template":"","meta":{"footnotes":""},"class_list":["post-213","page","type-page","status-publish","hentry"],"_links":{"self":[{"href":"https:\/\/datalp.fr\/index.php\/wp-json\/wp\/v2\/pages\/213","targetHints":{"allow":["GET"]}}],"collection":[{"href":"https:\/\/datalp.fr\/index.php\/wp-json\/wp\/v2\/pages"}],"about":[{"href":"https:\/\/datalp.fr\/index.php\/wp-json\/wp\/v2\/types\/page"}],"author":[{"embeddable":true,"href":"https:\/\/datalp.fr\/index.php\/wp-json\/wp\/v2\/users\/2"}],"replies":[{"embeddable":true,"href":"https:\/\/datalp.fr\/index.php\/wp-json\/wp\/v2\/comments?post=213"}],"version-history":[{"count":2,"href":"https:\/\/datalp.fr\/index.php\/wp-json\/wp\/v2\/pages\/213\/revisions"}],"predecessor-version":[{"id":433,"href":"https:\/\/datalp.fr\/index.php\/wp-json\/wp\/v2\/pages\/213\/revisions\/433"}],"wp:attachment":[{"href":"https:\/\/datalp.fr\/index.php\/wp-json\/wp\/v2\/media?parent=213"}],"curies":[{"name":"wp","href":"https:\/\/api.w.org\/{rel}","templated":true}]}}