{"id":217,"date":"2024-05-12T16:48:38","date_gmt":"2024-05-12T14:48:38","guid":{"rendered":"https:\/\/datalp.fr\/?page_id=217"},"modified":"2024-05-12T22:00:15","modified_gmt":"2024-05-12T20:00:15","slug":"integration-cloud-et-suivi-des-licences-hebergement","status":"publish","type":"page","link":"https:\/\/datalp.fr\/index.php\/integration-cloud-et-suivi-des-licences-hebergement\/","title":{"rendered":"Int\u00e9gration cloud et suivi des licences (H\u00e9bergement)"},"content":{"rendered":"\n<p>Nous avons \u00e0 c\u0153ur de faire attention aux deniers de nos clients, aussi&nbsp;DATALP&nbsp;a industrialis\u00e9 ses process d\u2019administration des infrastructures cloud.<\/p>\n\n\n\n<p>Cette industrialisation nous permet de r\u00e9duire les temps de support, une importante partie des op\u00e9rations \u00e9tant robotis\u00e9e (pas d\u2019erreur humaine).<\/p>\n\n\n\n<p>Nos \u00e9quipes se concentrent des les op\u00e9rations de maintenance pr\u00e9ventive (le ma\u00eetre mot \u00ab anticiper \u00bb).<\/p>\n\n\n\n<p>\u200bNous avons \u00e9galement industrialis\u00e9 la gestion des licences ce qui nous permet notamment d\u2019obtenir pour vous des tarifs toujours plus comp\u00e9titifs.<\/p>\n\n\n\n<figure class=\"wp-block-image size-large\"><img fetchpriority=\"high\" decoding=\"async\" width=\"1024\" height=\"567\" src=\"https:\/\/datalp.fr\/wp-content\/uploads\/2024\/05\/Integration-cloud-et-suivi-des-licences-1024x567.png\" alt=\"\" class=\"wp-image-219\" srcset=\"https:\/\/datalp.fr\/wp-content\/uploads\/2024\/05\/Integration-cloud-et-suivi-des-licences-1024x567.png 1024w, https:\/\/datalp.fr\/wp-content\/uploads\/2024\/05\/Integration-cloud-et-suivi-des-licences-300x166.png 300w, https:\/\/datalp.fr\/wp-content\/uploads\/2024\/05\/Integration-cloud-et-suivi-des-licences-768x425.png 768w, https:\/\/datalp.fr\/wp-content\/uploads\/2024\/05\/Integration-cloud-et-suivi-des-licences-1536x851.png 1536w, https:\/\/datalp.fr\/wp-content\/uploads\/2024\/05\/Integration-cloud-et-suivi-des-licences-2048x1134.png 2048w\" sizes=\"(max-width: 1024px) 100vw, 1024px\" \/><\/figure>\n","protected":false},"excerpt":{"rendered":"<p>Nous avons \u00e0 c\u0153ur de faire attention aux deniers de nos clients, aussi&nbsp;DATALP&nbsp;a industrialis\u00e9 ses process d\u2019administration des infrastructures cloud. Cette industrialisation nous permet de r\u00e9duire les temps de support, une importante partie des op\u00e9rations \u00e9tant robotis\u00e9e (pas d\u2019erreur humaine). Nos \u00e9quipes se concentrent des les op\u00e9rations de maintenance pr\u00e9ventive (le ma\u00eetre mot \u00ab anticiper [&hellip;]<\/p>\n","protected":false},"author":2,"featured_media":0,"parent":0,"menu_order":0,"comment_status":"closed","ping_status":"closed","template":"","meta":{"footnotes":""},"class_list":["post-217","page","type-page","status-publish","hentry"],"_links":{"self":[{"href":"https:\/\/datalp.fr\/index.php\/wp-json\/wp\/v2\/pages\/217","targetHints":{"allow":["GET"]}}],"collection":[{"href":"https:\/\/datalp.fr\/index.php\/wp-json\/wp\/v2\/pages"}],"about":[{"href":"https:\/\/datalp.fr\/index.php\/wp-json\/wp\/v2\/types\/page"}],"author":[{"embeddable":true,"href":"https:\/\/datalp.fr\/index.php\/wp-json\/wp\/v2\/users\/2"}],"replies":[{"embeddable":true,"href":"https:\/\/datalp.fr\/index.php\/wp-json\/wp\/v2\/comments?post=217"}],"version-history":[{"count":2,"href":"https:\/\/datalp.fr\/index.php\/wp-json\/wp\/v2\/pages\/217\/revisions"}],"predecessor-version":[{"id":220,"href":"https:\/\/datalp.fr\/index.php\/wp-json\/wp\/v2\/pages\/217\/revisions\/220"}],"wp:attachment":[{"href":"https:\/\/datalp.fr\/index.php\/wp-json\/wp\/v2\/media?parent=217"}],"curies":[{"name":"wp","href":"https:\/\/api.w.org\/{rel}","templated":true}]}}