{"id":230,"date":"2024-05-12T17:00:03","date_gmt":"2024-05-12T15:00:03","guid":{"rendered":"https:\/\/datalp.fr\/?page_id=230"},"modified":"2024-05-13T06:38:35","modified_gmt":"2024-05-13T04:38:35","slug":"support-a-distance-hotline","status":"publish","type":"page","link":"https:\/\/datalp.fr\/index.php\/support-a-distance-hotline\/","title":{"rendered":"Support \u00e0 distance (Hotline)"},"content":{"rendered":"\n<h2 class=\"wp-block-heading\"><strong>Le Support Technique<\/strong><\/h2>\n\n\n\n<p><strong>HORAIRES<\/strong><\/p>\n\n\n\n<p><strong>\u200b<\/strong>Le service de support technique de premier et de deuxi\u00e8me niveau est accessible du<\/p>\n\n\n\n<p>lundi au vendredi de 9h00 \u00e0 12h00 et de 14h30 \u00e0 19h00<\/p>\n\n\n\n<p>(avec possibilit\u00e9 d\u2019extension aux dimanches et jours f\u00e9ri\u00e9s).<\/p>\n\n\n\n<p><\/p>\n\n\n<div class=\"wp-block-image\">\n<figure class=\"aligncenter size-full\"><img fetchpriority=\"high\" decoding=\"async\" width=\"300\" height=\"225\" src=\"https:\/\/datalp.fr\/wp-content\/uploads\/2024\/05\/Hotline.png\" alt=\"\" class=\"wp-image-232\"\/><\/figure>\n<\/div>\n\n\n<p>\u200b<\/p>\n\n\n\n<p><strong>DEMANDE DE TRAVAUX \/ TICKETS DE SUPPORT<\/strong><\/p>\n\n\n\n<p><strong>\u200b<\/strong>Adressez-nous votre demande de support en vous connectant \u00e0 votre espace client.<\/p>\n\n\n\n<p><\/p>\n\n\n\n<p>\u200bASSISTANCE A DISTANCE<\/p>\n\n\n\n<p>\u200bCet outil permet au service de support de&nbsp;DATALP&nbsp;de vous assister \u00e0 distance.<\/p>\n\n\n\n<p>D\u00e8s que vous fermerez la fen\u00eatre de t\u00e9l\u00e9maintenance, nos collaborateurs ne seront plus en mesure de se connecter.<\/p>\n\n\n\n<p>\u200b<\/p>\n","protected":false},"excerpt":{"rendered":"<p>Le Support Technique HORAIRES \u200bLe service de support technique de premier et de deuxi\u00e8me niveau est accessible du lundi au vendredi de 9h00 \u00e0 12h00 et de 14h30 \u00e0 19h00 (avec possibilit\u00e9 d\u2019extension aux dimanches et jours f\u00e9ri\u00e9s). \u200b DEMANDE DE TRAVAUX \/ TICKETS DE SUPPORT \u200bAdressez-nous votre demande de support en vous connectant \u00e0 [&hellip;]<\/p>\n","protected":false},"author":2,"featured_media":0,"parent":0,"menu_order":0,"comment_status":"closed","ping_status":"closed","template":"","meta":{"footnotes":""},"class_list":["post-230","page","type-page","status-publish","hentry"],"_links":{"self":[{"href":"https:\/\/datalp.fr\/index.php\/wp-json\/wp\/v2\/pages\/230","targetHints":{"allow":["GET"]}}],"collection":[{"href":"https:\/\/datalp.fr\/index.php\/wp-json\/wp\/v2\/pages"}],"about":[{"href":"https:\/\/datalp.fr\/index.php\/wp-json\/wp\/v2\/types\/page"}],"author":[{"embeddable":true,"href":"https:\/\/datalp.fr\/index.php\/wp-json\/wp\/v2\/users\/2"}],"replies":[{"embeddable":true,"href":"https:\/\/datalp.fr\/index.php\/wp-json\/wp\/v2\/comments?post=230"}],"version-history":[{"count":6,"href":"https:\/\/datalp.fr\/index.php\/wp-json\/wp\/v2\/pages\/230\/revisions"}],"predecessor-version":[{"id":436,"href":"https:\/\/datalp.fr\/index.php\/wp-json\/wp\/v2\/pages\/230\/revisions\/436"}],"wp:attachment":[{"href":"https:\/\/datalp.fr\/index.php\/wp-json\/wp\/v2\/media?parent=230"}],"curies":[{"name":"wp","href":"https:\/\/api.w.org\/{rel}","templated":true}]}}