{"id":237,"date":"2024-05-12T17:03:45","date_gmt":"2024-05-12T15:03:45","guid":{"rendered":"https:\/\/datalp.fr\/?page_id=237"},"modified":"2024-05-12T22:00:08","modified_gmt":"2024-05-12T20:00:08","slug":"gestion-du-parc-mobile","status":"publish","type":"page","link":"https:\/\/datalp.fr\/index.php\/gestion-du-parc-mobile\/","title":{"rendered":"Gestion du parc mobile"},"content":{"rendered":"\n<p><strong>Important :<br>L\u2019enjeu pour les TPE\/PME : garder la ma\u00eetrise de votre parc informatique mobile.<\/strong><\/p>\n\n\n\n<p><strong>DATALP<\/strong><strong>\u00a0\u00e0 mis en place des outils de Gestion de Parc Informatique mobile (MDM).<\/strong><\/p>\n\n\n\n<p>Nous pouvons superviser pour vous tous vos \u00e9quipements et gardez la visibilit\u00e9 sur l\u2019ensemble de votre parc mobile.<\/p>\n\n\n\n<p>De cette mani\u00e8re vous pouvez relever les d\u00e9fis de la gestion et la s\u00e9curisation des appareils informatiques mobiles.<\/p>\n\n\n\n<figure class=\"wp-block-image size-full\"><img decoding=\"async\" width=\"268\" height=\"174\" src=\"https:\/\/datalp.fr\/wp-content\/uploads\/2024\/05\/Gestion-du-parc-mobile.png\" alt=\"\" class=\"wp-image-238\"\/><\/figure>\n","protected":false},"excerpt":{"rendered":"<p>Important :L\u2019enjeu pour les TPE\/PME : garder la ma\u00eetrise de votre parc informatique mobile. DATALP\u00a0\u00e0 mis en place des outils de Gestion de Parc Informatique mobile (MDM). Nous pouvons superviser pour vous tous vos \u00e9quipements et gardez la visibilit\u00e9 sur l\u2019ensemble de votre parc mobile. De cette mani\u00e8re vous pouvez relever les d\u00e9fis de la [&hellip;]<\/p>\n","protected":false},"author":2,"featured_media":0,"parent":0,"menu_order":0,"comment_status":"closed","ping_status":"closed","template":"","meta":{"footnotes":""},"class_list":["post-237","page","type-page","status-publish","hentry"],"_links":{"self":[{"href":"https:\/\/datalp.fr\/index.php\/wp-json\/wp\/v2\/pages\/237","targetHints":{"allow":["GET"]}}],"collection":[{"href":"https:\/\/datalp.fr\/index.php\/wp-json\/wp\/v2\/pages"}],"about":[{"href":"https:\/\/datalp.fr\/index.php\/wp-json\/wp\/v2\/types\/page"}],"author":[{"embeddable":true,"href":"https:\/\/datalp.fr\/index.php\/wp-json\/wp\/v2\/users\/2"}],"replies":[{"embeddable":true,"href":"https:\/\/datalp.fr\/index.php\/wp-json\/wp\/v2\/comments?post=237"}],"version-history":[{"count":1,"href":"https:\/\/datalp.fr\/index.php\/wp-json\/wp\/v2\/pages\/237\/revisions"}],"predecessor-version":[{"id":239,"href":"https:\/\/datalp.fr\/index.php\/wp-json\/wp\/v2\/pages\/237\/revisions\/239"}],"wp:attachment":[{"href":"https:\/\/datalp.fr\/index.php\/wp-json\/wp\/v2\/media?parent=237"}],"curies":[{"name":"wp","href":"https:\/\/api.w.org\/{rel}","templated":true}]}}