{"id":241,"date":"2024-05-12T17:04:54","date_gmt":"2024-05-12T15:04:54","guid":{"rendered":"https:\/\/datalp.fr\/?page_id=241"},"modified":"2024-05-12T22:00:58","modified_gmt":"2024-05-12T20:00:58","slug":"stockage-et-sauvegarde","status":"publish","type":"page","link":"https:\/\/datalp.fr\/index.php\/stockage-et-sauvegarde\/","title":{"rendered":"Stockage et Sauvegarde"},"content":{"rendered":"\n<p><strong>La DATALP Save Box<\/strong><\/p>\n\n\n\n<figure class=\"wp-block-image\"><img decoding=\"async\" src=\"https:\/\/static.wixstatic.com\/media\/c0f62b_cfd04625762b418a83e0521b5832101c~mv2.png\/v1\/fill\/w_600,h_221,al_c,q_85,usm_0.66_1.00_0.01,enc_auto\/Shutterstock_511979494.png\" alt=\"Shutterstock_511979494.png\"\/><\/figure>\n\n\n\n<p>DATALP Save Box&nbsp;est un concept de sauvegarde des donn\u00e9es informatiques, s\u2019appuyant sur les 4 grands fondamentaux d\u2019une bonne sauvegarde.<\/p>\n\n\n\n<p>La combinaison de ses 4 piliers fait de la&nbsp;DATALP Save Box&nbsp;une solution de sauvegarde simplifi\u00e9e et s\u00e9curis\u00e9e.<\/p>\n\n\n\n<p><br>Particuli\u00e8rement adapt\u00e9e aux collectivit\u00e9s et aux entreprises,&nbsp;DATALP Save Box&nbsp;permet de palier \u00e0 tous les cas de perte de donn\u00e9es (panne mat\u00e9rielle, incendie, erreur humaine, d\u00e9g\u00e2t des eaux, attaque virale, \u2026)<\/p>\n\n\n\n<p>\u200b<\/p>\n\n\n\n<p>Demandez d\u00e8s maintenant l\u2019audit gratuit de votre informatique, pour la sauvegarde de vos donn\u00e9es.<\/p>\n\n\n\n<p>\u200b<\/p>\n\n\n\n<p>Avec&nbsp;DATALP Save Box, nous prot\u00e9geons votre travail !<\/p>\n\n\n\n<figure class=\"wp-block-image\"><img decoding=\"async\" src=\"https:\/\/static.wixstatic.com\/media\/c0f62b_ef3eaa8092264cb5835c910b7067fc45~mv2.png\/v1\/fill\/w_335,h_334,al_c,lg_1,q_85,enc_auto\/c0f62b_ef3eaa8092264cb5835c910b7067fc45~mv2.png\" alt=\"\"\/><\/figure>\n","protected":false},"excerpt":{"rendered":"<p>La DATALP Save Box DATALP Save Box&nbsp;est un concept de sauvegarde des donn\u00e9es informatiques, s\u2019appuyant sur les 4 grands fondamentaux d\u2019une bonne sauvegarde. La combinaison de ses 4 piliers fait de la&nbsp;DATALP Save Box&nbsp;une solution de sauvegarde simplifi\u00e9e et s\u00e9curis\u00e9e. Particuli\u00e8rement adapt\u00e9e aux collectivit\u00e9s et aux entreprises,&nbsp;DATALP Save Box&nbsp;permet de palier \u00e0 tous les cas [&hellip;]<\/p>\n","protected":false},"author":2,"featured_media":0,"parent":0,"menu_order":0,"comment_status":"closed","ping_status":"closed","template":"","meta":{"footnotes":""},"class_list":["post-241","page","type-page","status-publish","hentry"],"_links":{"self":[{"href":"https:\/\/datalp.fr\/index.php\/wp-json\/wp\/v2\/pages\/241","targetHints":{"allow":["GET"]}}],"collection":[{"href":"https:\/\/datalp.fr\/index.php\/wp-json\/wp\/v2\/pages"}],"about":[{"href":"https:\/\/datalp.fr\/index.php\/wp-json\/wp\/v2\/types\/page"}],"author":[{"embeddable":true,"href":"https:\/\/datalp.fr\/index.php\/wp-json\/wp\/v2\/users\/2"}],"replies":[{"embeddable":true,"href":"https:\/\/datalp.fr\/index.php\/wp-json\/wp\/v2\/comments?post=241"}],"version-history":[{"count":2,"href":"https:\/\/datalp.fr\/index.php\/wp-json\/wp\/v2\/pages\/241\/revisions"}],"predecessor-version":[{"id":244,"href":"https:\/\/datalp.fr\/index.php\/wp-json\/wp\/v2\/pages\/241\/revisions\/244"}],"wp:attachment":[{"href":"https:\/\/datalp.fr\/index.php\/wp-json\/wp\/v2\/media?parent=241"}],"curies":[{"name":"wp","href":"https:\/\/api.w.org\/{rel}","templated":true}]}}