{"id":245,"date":"2024-05-12T17:07:49","date_gmt":"2024-05-12T15:07:49","guid":{"rendered":"https:\/\/datalp.fr\/?page_id=245"},"modified":"2024-05-12T22:00:37","modified_gmt":"2024-05-12T20:00:37","slug":"reprise-apres-desastre-pra-pca","status":"publish","type":"page","link":"https:\/\/datalp.fr\/index.php\/reprise-apres-desastre-pra-pca\/","title":{"rendered":"Reprise apr\u00e8s d\u00e9sastre (PRA \/ PCA)"},"content":{"rendered":"\n<p><strong>Plan de Reprise d\u2018Activit\u00e9 &nbsp;&amp; Plan de Continuit\u00e9 d\u2018Activit\u00e9<\/strong><\/p>\n\n\n\n<p>Si les acronymes PRA et PCA sont d\u00e9sormais connus, leur signification exacte est parfois un peu confuse.<\/p>\n\n\n\n<p>Pourtant, ces derniers d\u00e9signent des plans r\u00e9ellement tr\u00e8s diff\u00e9rents.<\/p>\n\n\n\n<p>Avec la cyberd\u00e9linquance, la cybercriminalit\u00e9 devient une menace importante pour les entreprises et les collectivit\u00e9s de toutes tailles, aussi la question de la reprise et de la continuit\u00e9 de l\u2019activit\u00e9 est devenue cruciale.<\/p>\n\n\n\n<p>L\u2019entreprise comme la collectivit\u00e9 doit d\u00e9finir quel type de plan correspond \u00e0 leurs besoins.<\/p>\n\n\n\n<p>\u200bLe PRA doit \u00eatre mis en place en l\u2019absence de PCA ou en compl\u00e9ment d\u2019une PCA. Il se compose d\u2019\u00e9tapes \u00e0 suivre apr\u00e8s la survenue d\u2019un incident en vue de permettre la reprise d\u2019activit\u00e9 directement ou progressivement.<\/p>\n\n\n\n<p>Le PCA quant \u00e0 lui s\u2019emploie \u00e0 garantir une haute disponibilit\u00e9 au niveau de la production. Il comprend un ensemble des \u00a0moyens, \u00e9quipements, architectures et proc\u00e9dures permettant la continuit\u00e9 de l\u2019activit\u00e9, quels que soient les sinistres qui pourraient survenir.<\/p>\n\n\n\n<p>\u200b\u200b<\/p>\n\n\n\n<figure class=\"wp-block-image size-full\"><img fetchpriority=\"high\" decoding=\"async\" width=\"595\" height=\"375\" src=\"https:\/\/datalp.fr\/wp-content\/uploads\/2024\/05\/Banques-et-assurances.png\" alt=\"\" class=\"wp-image-246\" srcset=\"https:\/\/datalp.fr\/wp-content\/uploads\/2024\/05\/Banques-et-assurances.png 595w, https:\/\/datalp.fr\/wp-content\/uploads\/2024\/05\/Banques-et-assurances-300x189.png 300w\" sizes=\"(max-width: 595px) 100vw, 595px\" \/><\/figure>\n","protected":false},"excerpt":{"rendered":"<p>Plan de Reprise d\u2018Activit\u00e9 &nbsp;&amp; Plan de Continuit\u00e9 d\u2018Activit\u00e9 Si les acronymes PRA et PCA sont d\u00e9sormais connus, leur signification exacte est parfois un peu confuse. Pourtant, ces derniers d\u00e9signent des plans r\u00e9ellement tr\u00e8s diff\u00e9rents. Avec la cyberd\u00e9linquance, la cybercriminalit\u00e9 devient une menace importante pour les entreprises et les collectivit\u00e9s de toutes tailles, aussi la [&hellip;]<\/p>\n","protected":false},"author":2,"featured_media":0,"parent":0,"menu_order":0,"comment_status":"closed","ping_status":"closed","template":"","meta":{"footnotes":""},"class_list":["post-245","page","type-page","status-publish","hentry"],"_links":{"self":[{"href":"https:\/\/datalp.fr\/index.php\/wp-json\/wp\/v2\/pages\/245","targetHints":{"allow":["GET"]}}],"collection":[{"href":"https:\/\/datalp.fr\/index.php\/wp-json\/wp\/v2\/pages"}],"about":[{"href":"https:\/\/datalp.fr\/index.php\/wp-json\/wp\/v2\/types\/page"}],"author":[{"embeddable":true,"href":"https:\/\/datalp.fr\/index.php\/wp-json\/wp\/v2\/users\/2"}],"replies":[{"embeddable":true,"href":"https:\/\/datalp.fr\/index.php\/wp-json\/wp\/v2\/comments?post=245"}],"version-history":[{"count":1,"href":"https:\/\/datalp.fr\/index.php\/wp-json\/wp\/v2\/pages\/245\/revisions"}],"predecessor-version":[{"id":247,"href":"https:\/\/datalp.fr\/index.php\/wp-json\/wp\/v2\/pages\/245\/revisions\/247"}],"wp:attachment":[{"href":"https:\/\/datalp.fr\/index.php\/wp-json\/wp\/v2\/media?parent=245"}],"curies":[{"name":"wp","href":"https:\/\/api.w.org\/{rel}","templated":true}]}}