{"id":249,"date":"2024-05-12T17:09:31","date_gmt":"2024-05-12T15:09:31","guid":{"rendered":"https:\/\/datalp.fr\/?page_id=249"},"modified":"2024-05-12T22:00:42","modified_gmt":"2024-05-12T20:00:42","slug":"services-de-gouvernance-totale-ou-partielle-assistance","status":"publish","type":"page","link":"https:\/\/datalp.fr\/index.php\/services-de-gouvernance-totale-ou-partielle-assistance\/","title":{"rendered":"Services de gouvernance totale ou partielle (assistance)"},"content":{"rendered":"\n<p><strong>La mise en \u0153uvre de la gouvernance du syst\u00e8me d\u2019information est d\u00e9sormais un imp\u00e9ratif pour disposer d\u2019un syst\u00e8me d\u2019information adapt\u00e9.<\/strong><\/p>\n\n\n\n<p>Cette exigence est m\u00eame d\u00e9sormais exacerb\u00e9e \u00e0 l\u2019heure de la transformation num\u00e9rique, car, le nombre de consultants d\u2019exp\u00e9rience dans ce domaine est limit\u00e9 et ces ressources rares s\u2019arrachent \u00e0 prix d\u2019or dans les grands groupes.<\/p>\n\n\n\n<p>\u200bLa solution pour les TPE\/PME est de disposer de consultants externalis\u00e9s, soit en soutien au DSI (expert intervenant dans un domaine pr\u00e9cis et\/ou en\u00a0 assistance au pilotage), soit en gouvernance totale du SI (DSI externalis\u00e9).<\/p>\n\n\n\n<p>\u200b<strong>DATALP intervient dans les 2 dispositifs.<\/strong><\/p>\n\n\n\n<p>La question du pilotage de la DSI pi\u00e8ce maitresse de la gouvernance du SI (Syst\u00e8me d\u2019information) est indissociable de la mesure de la performance et de la prise de d\u00e9cision.<\/p>\n\n\n\n<p>L\u2019importance d\u2019aligner les technologies sur la strat\u00e9gie n\u2019est plus \u00e0 d\u00e9montrer. Et cela, tout le monde l\u2019a bien compris. Quant \u00e0 savoir comment s\u2019y prendre, il n\u2019y a gu\u00e8re d\u2019autres fa\u00e7ons que de mettre en oeuvre une gouvernance digne de ce nom.<\/p>\n\n\n\n<p>Elle sera fond\u00e9e sur un syst\u00e8me de mesure particuli\u00e8rement appropri\u00e9e qui ne manquera pas d\u2019inciter \u00e0 se poser avec la direction et les partenaires techniques les bonnes questions.<\/p>\n\n\n\n<p>Le DSI est donc un \u00e9l\u00e9ment cl\u00e9 de la r\u00e9ussite des entreprises, il est la pi\u00e8ce maitresse de la gouvernance du SI (Syst\u00e8me d\u2019information).<\/p>\n\n\n\n<figure class=\"wp-block-image is-resized\"><img decoding=\"async\" src=\"https:\/\/static.wixstatic.com\/media\/c0f62b_7ec15774248a4671889680a03c00ba88~mv2.png\/v1\/fill\/w_536,h_337,al_c,q_85,enc_auto\/c0f62b_7ec15774248a4671889680a03c00ba88~mv2.png\" alt=\"\" style=\"width:837px;height:auto\"\/><\/figure>\n","protected":false},"excerpt":{"rendered":"<p>La mise en \u0153uvre de la gouvernance du syst\u00e8me d\u2019information est d\u00e9sormais un imp\u00e9ratif pour disposer d\u2019un syst\u00e8me d\u2019information adapt\u00e9. Cette exigence est m\u00eame d\u00e9sormais exacerb\u00e9e \u00e0 l\u2019heure de la transformation num\u00e9rique, car, le nombre de consultants d\u2019exp\u00e9rience dans ce domaine est limit\u00e9 et ces ressources rares s\u2019arrachent \u00e0 prix d\u2019or dans les grands groupes. [&hellip;]<\/p>\n","protected":false},"author":2,"featured_media":0,"parent":0,"menu_order":0,"comment_status":"closed","ping_status":"closed","template":"","meta":{"footnotes":""},"class_list":["post-249","page","type-page","status-publish","hentry"],"_links":{"self":[{"href":"https:\/\/datalp.fr\/index.php\/wp-json\/wp\/v2\/pages\/249","targetHints":{"allow":["GET"]}}],"collection":[{"href":"https:\/\/datalp.fr\/index.php\/wp-json\/wp\/v2\/pages"}],"about":[{"href":"https:\/\/datalp.fr\/index.php\/wp-json\/wp\/v2\/types\/page"}],"author":[{"embeddable":true,"href":"https:\/\/datalp.fr\/index.php\/wp-json\/wp\/v2\/users\/2"}],"replies":[{"embeddable":true,"href":"https:\/\/datalp.fr\/index.php\/wp-json\/wp\/v2\/comments?post=249"}],"version-history":[{"count":1,"href":"https:\/\/datalp.fr\/index.php\/wp-json\/wp\/v2\/pages\/249\/revisions"}],"predecessor-version":[{"id":250,"href":"https:\/\/datalp.fr\/index.php\/wp-json\/wp\/v2\/pages\/249\/revisions\/250"}],"wp:attachment":[{"href":"https:\/\/datalp.fr\/index.php\/wp-json\/wp\/v2\/media?parent=249"}],"curies":[{"name":"wp","href":"https:\/\/api.w.org\/{rel}","templated":true}]}}