{"id":252,"date":"2024-05-12T17:11:54","date_gmt":"2024-05-12T15:11:54","guid":{"rendered":"https:\/\/datalp.fr\/?page_id=252"},"modified":"2024-05-13T06:41:03","modified_gmt":"2024-05-13T04:41:03","slug":"developpement-sur-mesure","status":"publish","type":"page","link":"https:\/\/datalp.fr\/index.php\/developpement-sur-mesure\/","title":{"rendered":"D\u00e9veloppement sur-mesure"},"content":{"rendered":"\n<p><strong>D\u00e9veloppements sp\u00e9cifiques (syst\u00e8mes experts, automates\u2026)<\/strong><\/p>\n\n\n\n<p>Notre expertise ne s\u2019arr\u00eate pas \u00e0 la seule mise en \u0153uvre, administration ou surveillance des infrastructures et la conception de pare-feu.<\/p>\n\n\n\n<p>Fort de son exp\u00e9rience de plus de 30 ann\u00e9es en mati\u00e8re de g\u00e9nie logiciel notre d\u00e9partement recherche et d\u00e9veloppement pour les syst\u00e8mes complexes bas\u00e9s au si\u00e8ge de&nbsp;DATALP&nbsp;sera ravi de travailler avec vous sur les projets innovants que vous souhaitez mettre en \u0153uvre.<\/p>\n\n\n\n<p>\u200b\u2013 Syst\u00e8mes experts (IA)<\/p>\n\n\n\n<p>\u2013 Calculs financiers complexes<\/p>\n\n\n\n<p>\u2013 Interconnexion de syst\u00e8mes h\u00e9t\u00e9rog\u00e8nes<\/p>\n\n\n\n<p>\u2013 Traitement de donn\u00e9es<\/p>\n\n\n\n<p>\u2013 Automates\u2026<\/p>\n\n\n\n<p><\/p>\n\n\n\n<p><strong><strong>Pour en savoir plus,&nbsp;<a href=\"https:\/\/app.smartsheet.com\/b\/form\/9a94a6910fac43169de4e0a447f8946c\" target=\"_blank\" rel=\"noreferrer noopener\">demandez notre&nbsp;catalogue produits<\/a><\/strong><\/strong><\/p>\n\n\n\n<figure class=\"wp-block-image size-full\"><img fetchpriority=\"high\" decoding=\"async\" width=\"951\" height=\"635\" src=\"https:\/\/datalp.fr\/wp-content\/uploads\/2024\/05\/TPE-PME.png\" alt=\"\" class=\"wp-image-256\" srcset=\"https:\/\/datalp.fr\/wp-content\/uploads\/2024\/05\/TPE-PME.png 951w, https:\/\/datalp.fr\/wp-content\/uploads\/2024\/05\/TPE-PME-300x200.png 300w, https:\/\/datalp.fr\/wp-content\/uploads\/2024\/05\/TPE-PME-768x513.png 768w\" sizes=\"(max-width: 951px) 100vw, 951px\" \/><\/figure>\n\n\n\n<p><\/p>\n","protected":false},"excerpt":{"rendered":"<p>D\u00e9veloppements sp\u00e9cifiques (syst\u00e8mes experts, automates\u2026) Notre expertise ne s\u2019arr\u00eate pas \u00e0 la seule mise en \u0153uvre, administration ou surveillance des infrastructures et la conception de pare-feu. Fort de son exp\u00e9rience de plus de 30 ann\u00e9es en mati\u00e8re de g\u00e9nie logiciel notre d\u00e9partement recherche et d\u00e9veloppement pour les syst\u00e8mes complexes bas\u00e9s au si\u00e8ge de&nbsp;DATALP&nbsp;sera ravi de [&hellip;]<\/p>\n","protected":false},"author":2,"featured_media":0,"parent":0,"menu_order":0,"comment_status":"closed","ping_status":"closed","template":"","meta":{"footnotes":""},"class_list":["post-252","page","type-page","status-publish","hentry"],"_links":{"self":[{"href":"https:\/\/datalp.fr\/index.php\/wp-json\/wp\/v2\/pages\/252","targetHints":{"allow":["GET"]}}],"collection":[{"href":"https:\/\/datalp.fr\/index.php\/wp-json\/wp\/v2\/pages"}],"about":[{"href":"https:\/\/datalp.fr\/index.php\/wp-json\/wp\/v2\/types\/page"}],"author":[{"embeddable":true,"href":"https:\/\/datalp.fr\/index.php\/wp-json\/wp\/v2\/users\/2"}],"replies":[{"embeddable":true,"href":"https:\/\/datalp.fr\/index.php\/wp-json\/wp\/v2\/comments?post=252"}],"version-history":[{"count":3,"href":"https:\/\/datalp.fr\/index.php\/wp-json\/wp\/v2\/pages\/252\/revisions"}],"predecessor-version":[{"id":437,"href":"https:\/\/datalp.fr\/index.php\/wp-json\/wp\/v2\/pages\/252\/revisions\/437"}],"wp:attachment":[{"href":"https:\/\/datalp.fr\/index.php\/wp-json\/wp\/v2\/media?parent=252"}],"curies":[{"name":"wp","href":"https:\/\/api.w.org\/{rel}","templated":true}]}}