{"id":259,"date":"2024-05-12T17:17:02","date_gmt":"2024-05-12T15:17:02","guid":{"rendered":"https:\/\/datalp.fr\/?page_id=259"},"modified":"2024-05-13T06:44:29","modified_gmt":"2024-05-13T04:44:29","slug":"rd-audits-formations","status":"publish","type":"page","link":"https:\/\/datalp.fr\/index.php\/rd-audits-formations\/","title":{"rendered":"R&amp;D &amp; Audits"},"content":{"rendered":"\n<blockquote class=\"wp-block-quote is-layout-flow wp-block-quote-is-layout-flow\">\n<p>DATALP, votre partenaire de confiance pour une infrastructure s\u00e9curis\u00e9e et innovante.<\/p>\n<\/blockquote>\n\n\n\n<figure class=\"wp-block-image size-large\"><img fetchpriority=\"high\" decoding=\"async\" width=\"1024\" height=\"683\" src=\"https:\/\/datalp.fr\/wp-content\/uploads\/2024\/05\/shutterstock_613464041-1024x683.jpg\" alt=\"\" class=\"wp-image-313\" srcset=\"https:\/\/datalp.fr\/wp-content\/uploads\/2024\/05\/shutterstock_613464041-1024x683.jpg 1024w, https:\/\/datalp.fr\/wp-content\/uploads\/2024\/05\/shutterstock_613464041-300x200.jpg 300w, https:\/\/datalp.fr\/wp-content\/uploads\/2024\/05\/shutterstock_613464041-768x512.jpg 768w, https:\/\/datalp.fr\/wp-content\/uploads\/2024\/05\/shutterstock_613464041-1536x1024.jpg 1536w, https:\/\/datalp.fr\/wp-content\/uploads\/2024\/05\/shutterstock_613464041-2048x1365.jpg 2048w\" sizes=\"(max-width: 1024px) 100vw, 1024px\" \/><\/figure>\n\n\n\n<p><\/p>\n\n\n\n<p>Avez-vous d\u00e9j\u00e0 envisag\u00e9 l&rsquo;importance d&rsquo;un audit de s\u00e9curit\u00e9 pour votre infrastructure ? En cette \u00e8re num\u00e9rique, la cybers\u00e9curit\u00e9 est plus qu&rsquo;essentielle. DATALP assure des audits de s\u00e9curit\u00e9 approfondis de votre infrastructure pour s&rsquo;assurer qu&rsquo;elle est robuste et bien prot\u00e9g\u00e9e. Un audit de s\u00e9curit\u00e9 est non seulement une n\u00e9cessit\u00e9 pour se conformer aux normes, mais il fournit \u00e9galement une assurance que vos informations sensibles sont bien prot\u00e9g\u00e9es contre les cyberattaques.<\/p>\n\n\n\n<p>Mais DATALP ne s&rsquo;arr\u00eate pas l\u00e0. Nous sommes un centre de recherche et d\u00e9veloppement externalis\u00e9 qui aide les entreprises et les administrations \u00e0 repousser les limites de l&rsquo;innovation technologique. En faisant appel \u00e0 nos services, vous avez acc\u00e8s \u00e0 une \u00e9quipe d&rsquo;ing\u00e9nieurs hautement qualifi\u00e9s et exp\u00e9riment\u00e9s, pr\u00eats \u00e0 vous aider \u00e0 r\u00e9aliser vos projets technologiques les plus ambitieux.<\/p>\n\n\n\n<p>Chez DATALP, nous croyons que l&rsquo;innovation et la s\u00e9curit\u00e9 vont de pair. C&rsquo;est pourquoi nous proposons \u00e9galement des formations et un suivi pour vos services informatiques. Nous nous engageons \u00e0 vous aider \u00e0 rester \u00e0 la pointe des derni\u00e8res technologies et \u00e0 vous assister dans la s\u00e9curisation de vos syst\u00e8mes d&rsquo;information.<\/p>\n\n\n\n<p>Avec DATALP, vous pouvez avoir l&rsquo;esprit tranquille en sachant que votre infrastructure est entre de bonnes mains. Nous nous effor\u00e7ons de vous fournir des solutions qui r\u00e9pondent \u00e0 vos besoins uniques et de vous aider \u00e0 rester en avance sur le rythme rapide du changement technologique.<\/p>\n\n\n\n<figure class=\"wp-block-image size-large\"><img decoding=\"async\" width=\"1024\" height=\"576\" src=\"https:\/\/datalp.fr\/wp-content\/uploads\/2024\/05\/shutterstock_725365678-1024x576.jpg\" alt=\"\" class=\"wp-image-315\" srcset=\"https:\/\/datalp.fr\/wp-content\/uploads\/2024\/05\/shutterstock_725365678-1024x576.jpg 1024w, https:\/\/datalp.fr\/wp-content\/uploads\/2024\/05\/shutterstock_725365678-300x169.jpg 300w, https:\/\/datalp.fr\/wp-content\/uploads\/2024\/05\/shutterstock_725365678-768x432.jpg 768w, https:\/\/datalp.fr\/wp-content\/uploads\/2024\/05\/shutterstock_725365678-1536x864.jpg 1536w, https:\/\/datalp.fr\/wp-content\/uploads\/2024\/05\/shutterstock_725365678-2048x1152.jpg 2048w\" sizes=\"(max-width: 1024px) 100vw, 1024px\" \/><\/figure>\n\n\n\n<p><\/p>\n\n\n\n<p>DATALP, c&rsquo;est l&rsquo;alliance parfaite entre s\u00e9curit\u00e9, innovation et formation. Contactez-nous d\u00e8s aujourd&rsquo;hui pour d\u00e9couvrir comment nous pouvons vous aider \u00e0 s\u00e9curiser et \u00e0 innover pour l&rsquo;avenir.<\/p>\n","protected":false},"excerpt":{"rendered":"<p>DATALP, votre partenaire de confiance pour une infrastructure s\u00e9curis\u00e9e et innovante. Avez-vous d\u00e9j\u00e0 envisag\u00e9 l&rsquo;importance d&rsquo;un audit de s\u00e9curit\u00e9 pour votre infrastructure ? En cette \u00e8re num\u00e9rique, la cybers\u00e9curit\u00e9 est plus qu&rsquo;essentielle. DATALP assure des audits de s\u00e9curit\u00e9 approfondis de votre infrastructure pour s&rsquo;assurer qu&rsquo;elle est robuste et bien prot\u00e9g\u00e9e. Un audit de s\u00e9curit\u00e9 est [&hellip;]<\/p>\n","protected":false},"author":2,"featured_media":0,"parent":0,"menu_order":0,"comment_status":"closed","ping_status":"closed","template":"","meta":{"footnotes":""},"class_list":["post-259","page","type-page","status-publish","hentry"],"_links":{"self":[{"href":"https:\/\/datalp.fr\/index.php\/wp-json\/wp\/v2\/pages\/259","targetHints":{"allow":["GET"]}}],"collection":[{"href":"https:\/\/datalp.fr\/index.php\/wp-json\/wp\/v2\/pages"}],"about":[{"href":"https:\/\/datalp.fr\/index.php\/wp-json\/wp\/v2\/types\/page"}],"author":[{"embeddable":true,"href":"https:\/\/datalp.fr\/index.php\/wp-json\/wp\/v2\/users\/2"}],"replies":[{"embeddable":true,"href":"https:\/\/datalp.fr\/index.php\/wp-json\/wp\/v2\/comments?post=259"}],"version-history":[{"count":8,"href":"https:\/\/datalp.fr\/index.php\/wp-json\/wp\/v2\/pages\/259\/revisions"}],"predecessor-version":[{"id":440,"href":"https:\/\/datalp.fr\/index.php\/wp-json\/wp\/v2\/pages\/259\/revisions\/440"}],"wp:attachment":[{"href":"https:\/\/datalp.fr\/index.php\/wp-json\/wp\/v2\/media?parent=259"}],"curies":[{"name":"wp","href":"https:\/\/api.w.org\/{rel}","templated":true}]}}