{"id":263,"date":"2024-05-12T17:20:49","date_gmt":"2024-05-12T15:20:49","guid":{"rendered":"https:\/\/datalp.fr\/?page_id=263"},"modified":"2024-05-13T06:42:00","modified_gmt":"2024-05-13T04:42:00","slug":"rd","status":"publish","type":"page","link":"https:\/\/datalp.fr\/index.php\/rd\/","title":{"rendered":"R&amp;D"},"content":{"rendered":"\n<p><strong>D\u00e9veloppements sp\u00e9cifiques (syst\u00e8mes experts, automates\u2026)<\/strong><\/p>\n\n\n\n<figure class=\"wp-block-image size-large\"><img fetchpriority=\"high\" decoding=\"async\" width=\"1024\" height=\"683\" src=\"https:\/\/datalp.fr\/wp-content\/uploads\/2024\/05\/shutterstock_543467284-1024x683.jpg\" alt=\"\" class=\"wp-image-266\" srcset=\"https:\/\/datalp.fr\/wp-content\/uploads\/2024\/05\/shutterstock_543467284-1024x683.jpg 1024w, https:\/\/datalp.fr\/wp-content\/uploads\/2024\/05\/shutterstock_543467284-300x200.jpg 300w, https:\/\/datalp.fr\/wp-content\/uploads\/2024\/05\/shutterstock_543467284-768x512.jpg 768w, https:\/\/datalp.fr\/wp-content\/uploads\/2024\/05\/shutterstock_543467284-1536x1024.jpg 1536w, https:\/\/datalp.fr\/wp-content\/uploads\/2024\/05\/shutterstock_543467284-2048x1365.jpg 2048w\" sizes=\"(max-width: 1024px) 100vw, 1024px\" \/><\/figure>\n\n\n\n<p><\/p>\n\n\n\n<p>Notre expertise ne s\u2019arr\u00eate pas \u00e0 la seule mise en \u0153uvre, administration ou surveillance des infrastructures.<\/p>\n\n\n\n<p>Fort de son exp\u00e9rience de plus de 30 ann\u00e9es en mati\u00e8re de g\u00e9nie logiciel, notre d\u00e9partement recherche et d\u00e9veloppement pour les syst\u00e8mes complexes bas\u00e9s au si\u00e8ge de&nbsp;DATALP&nbsp;sera ravi de travailler avec vous sur les projets innovants que vous souhaitez mettre en \u0153uvre.<\/p>\n\n\n\n<p>\u200b\u2013 Syst\u00e8mes experts<\/p>\n\n\n\n<p>\u2013 Calculs financiers complexes<\/p>\n\n\n\n<p>\u2013 Business intelligence<\/p>\n\n\n\n<p>\u2013 Interconnexion de syst\u00e8mes h\u00e9t\u00e9rog\u00e8nes<\/p>\n\n\n\n<p>\u2013 Traitement de donn\u00e9es<\/p>\n\n\n\n<p>\u2013 Automates\u2026<\/p>\n\n\n\n<p>\u200b<\/p>\n\n\n\n<p><\/p>\n","protected":false},"excerpt":{"rendered":"<p>D\u00e9veloppements sp\u00e9cifiques (syst\u00e8mes experts, automates\u2026) Notre expertise ne s\u2019arr\u00eate pas \u00e0 la seule mise en \u0153uvre, administration ou surveillance des infrastructures. Fort de son exp\u00e9rience de plus de 30 ann\u00e9es en mati\u00e8re de g\u00e9nie logiciel, notre d\u00e9partement recherche et d\u00e9veloppement pour les syst\u00e8mes complexes bas\u00e9s au si\u00e8ge de&nbsp;DATALP&nbsp;sera ravi de travailler avec vous sur les [&hellip;]<\/p>\n","protected":false},"author":2,"featured_media":0,"parent":0,"menu_order":0,"comment_status":"closed","ping_status":"closed","template":"","meta":{"footnotes":""},"class_list":["post-263","page","type-page","status-publish","hentry"],"_links":{"self":[{"href":"https:\/\/datalp.fr\/index.php\/wp-json\/wp\/v2\/pages\/263","targetHints":{"allow":["GET"]}}],"collection":[{"href":"https:\/\/datalp.fr\/index.php\/wp-json\/wp\/v2\/pages"}],"about":[{"href":"https:\/\/datalp.fr\/index.php\/wp-json\/wp\/v2\/types\/page"}],"author":[{"embeddable":true,"href":"https:\/\/datalp.fr\/index.php\/wp-json\/wp\/v2\/users\/2"}],"replies":[{"embeddable":true,"href":"https:\/\/datalp.fr\/index.php\/wp-json\/wp\/v2\/comments?post=263"}],"version-history":[{"count":4,"href":"https:\/\/datalp.fr\/index.php\/wp-json\/wp\/v2\/pages\/263\/revisions"}],"predecessor-version":[{"id":438,"href":"https:\/\/datalp.fr\/index.php\/wp-json\/wp\/v2\/pages\/263\/revisions\/438"}],"wp:attachment":[{"href":"https:\/\/datalp.fr\/index.php\/wp-json\/wp\/v2\/media?parent=263"}],"curies":[{"name":"wp","href":"https:\/\/api.w.org\/{rel}","templated":true}]}}