{"id":270,"date":"2024-05-12T17:24:04","date_gmt":"2024-05-12T15:24:04","guid":{"rendered":"https:\/\/datalp.fr\/?page_id=270"},"modified":"2024-05-13T06:48:24","modified_gmt":"2024-05-13T04:48:24","slug":"datalp-formations","status":"publish","type":"page","link":"https:\/\/datalp.fr\/index.php\/datalp-formations\/","title":{"rendered":"DATALP Formations"},"content":{"rendered":"\n<p><strong>DATALP Centre de formation<\/strong><\/p>\n\n\n\n<figure class=\"wp-block-image size-large\"><img fetchpriority=\"high\" decoding=\"async\" width=\"1024\" height=\"691\" src=\"https:\/\/datalp.fr\/wp-content\/uploads\/2024\/05\/shutterstock_658447357-1-1024x691.jpg\" alt=\"\" class=\"wp-image-276\" srcset=\"https:\/\/datalp.fr\/wp-content\/uploads\/2024\/05\/shutterstock_658447357-1-1024x691.jpg 1024w, https:\/\/datalp.fr\/wp-content\/uploads\/2024\/05\/shutterstock_658447357-1-300x202.jpg 300w, https:\/\/datalp.fr\/wp-content\/uploads\/2024\/05\/shutterstock_658447357-1-768x518.jpg 768w, https:\/\/datalp.fr\/wp-content\/uploads\/2024\/05\/shutterstock_658447357-1-1536x1036.jpg 1536w, https:\/\/datalp.fr\/wp-content\/uploads\/2024\/05\/shutterstock_658447357-1-2048x1382.jpg 2048w\" sizes=\"(max-width: 1024px) 100vw, 1024px\" \/><\/figure>\n\n\n\n<p><\/p>\n\n\n\n<p>Depuis plus de 30 ans,\u00a0DATALP\u00a0a pu d\u00e9velopper et mettre en place une m\u00e9thode rigoureuse en vue de former ses clients aux produits de s\u00e9curit\u00e9 et aux logiciels.<\/p>\n\n\n\n<p>\u200bDATALP dispose d\u2019un centre de formation couvrant principalement trois domaines :<\/p>\n\n\n\n<p>\u2022 La cybers\u00e9curit\u00e9 et les PEN tests<\/p>\n\n\n\n<p>\u200b\u2022 La bureautique traditionnelle.<\/p>\n\n\n\n<p>\u2022 Le d\u00e9veloppement notamment dans le domaine de l&rsquo;IA.<\/p>\n\n\n\n<p>\u2022 Les logiciels commercialis\u00e9s par&nbsp;DATALP.<\/p>\n\n\n\n<p>\u2022 La mise en oeuvre et la maintenance d&rsquo;infrastructures.\u00a0<\/p>\n\n\n\n<p>\u200b<\/p>\n\n\n\n<p>Pour en savoir plus,&nbsp;<a href=\"https:\/\/app.smartsheet.com\/b\/form\/9a94a6910fac43169de4e0a447f8946c\" target=\"_blank\" rel=\"noreferrer noopener\">demandez notre&nbsp;<\/a><a href=\"https:\/\/app.smartsheet.com\/b\/form\/9a94a6910fac43169de4e0a447f8946c\" target=\"_blank\" rel=\"noreferrer noopener\">catalogue produits<\/a><\/p>\n\n\n\n<p>\u200b<\/p>\n","protected":false},"excerpt":{"rendered":"<p>DATALP Centre de formation Depuis plus de 30 ans,\u00a0DATALP\u00a0a pu d\u00e9velopper et mettre en place une m\u00e9thode rigoureuse en vue de former ses clients aux produits de s\u00e9curit\u00e9 et aux logiciels. \u200bDATALP dispose d\u2019un centre de formation couvrant principalement trois domaines : \u2022 La cybers\u00e9curit\u00e9 et les PEN tests \u200b\u2022 La bureautique traditionnelle. \u2022 Le [&hellip;]<\/p>\n","protected":false},"author":2,"featured_media":0,"parent":0,"menu_order":0,"comment_status":"closed","ping_status":"closed","template":"","meta":{"footnotes":""},"class_list":["post-270","page","type-page","status-publish","hentry"],"_links":{"self":[{"href":"https:\/\/datalp.fr\/index.php\/wp-json\/wp\/v2\/pages\/270","targetHints":{"allow":["GET"]}}],"collection":[{"href":"https:\/\/datalp.fr\/index.php\/wp-json\/wp\/v2\/pages"}],"about":[{"href":"https:\/\/datalp.fr\/index.php\/wp-json\/wp\/v2\/types\/page"}],"author":[{"embeddable":true,"href":"https:\/\/datalp.fr\/index.php\/wp-json\/wp\/v2\/users\/2"}],"replies":[{"embeddable":true,"href":"https:\/\/datalp.fr\/index.php\/wp-json\/wp\/v2\/comments?post=270"}],"version-history":[{"count":8,"href":"https:\/\/datalp.fr\/index.php\/wp-json\/wp\/v2\/pages\/270\/revisions"}],"predecessor-version":[{"id":442,"href":"https:\/\/datalp.fr\/index.php\/wp-json\/wp\/v2\/pages\/270\/revisions\/442"}],"wp:attachment":[{"href":"https:\/\/datalp.fr\/index.php\/wp-json\/wp\/v2\/media?parent=270"}],"curies":[{"name":"wp","href":"https:\/\/api.w.org\/{rel}","templated":true}]}}