{"id":302,"date":"2024-05-12T17:57:50","date_gmt":"2024-05-12T15:57:50","guid":{"rendered":"https:\/\/datalp.fr\/?page_id=302"},"modified":"2024-05-12T22:00:02","modified_gmt":"2024-05-12T20:00:02","slug":"gestion-des-comptes-mail","status":"publish","type":"page","link":"https:\/\/datalp.fr\/index.php\/gestion-des-comptes-mail\/","title":{"rendered":"Gestion des comptes mail"},"content":{"rendered":"\n<p>En cliquant sur le lien :\u00a0<br><br><a href=\"https:\/\/app.smartsheet.com\/b\/form?EQBCT=d532ef2a197644a0a892791950e45db4\" target=\"_blank\" rel=\"noreferrer noopener\"><strong>Gestion simplifi\u00e9e de vos boites mails<\/strong><\/a><br><br>Vous aurez acc\u00e8s \u00e0 une interface simplifi\u00e9e de gestion de vos bo\u00eetes mails.<br>\u00a0<\/p>\n\n\n\n<figure class=\"wp-block-image\"><img decoding=\"async\" src=\"https:\/\/static.wixstatic.com\/media\/c0f62b_9ffc168c65fb44809cd92aabe16f3367~mv2.png\/v1\/fill\/w_313,h_600,al_c,q_85,usm_0.66_1.00_0.01,enc_auto\/c0f62b_9ffc168c65fb44809cd92aabe16f3367~mv2.png\" alt=\"\"\/><\/figure>\n\n\n\n<p><a href=\"https:\/\/app.smartsheet.com\/b\/form?EQBCT=d532ef2a197644a0a892791950e45db4\" target=\"_blank\" rel=\"noreferrer noopener\"><\/a><\/p>\n","protected":false},"excerpt":{"rendered":"<p>En cliquant sur le lien :\u00a0 Gestion simplifi\u00e9e de vos boites mails Vous aurez acc\u00e8s \u00e0 une interface simplifi\u00e9e de gestion de vos bo\u00eetes mails.\u00a0<\/p>\n","protected":false},"author":2,"featured_media":0,"parent":0,"menu_order":0,"comment_status":"closed","ping_status":"closed","template":"","meta":{"footnotes":""},"class_list":["post-302","page","type-page","status-publish","hentry"],"_links":{"self":[{"href":"https:\/\/datalp.fr\/index.php\/wp-json\/wp\/v2\/pages\/302","targetHints":{"allow":["GET"]}}],"collection":[{"href":"https:\/\/datalp.fr\/index.php\/wp-json\/wp\/v2\/pages"}],"about":[{"href":"https:\/\/datalp.fr\/index.php\/wp-json\/wp\/v2\/types\/page"}],"author":[{"embeddable":true,"href":"https:\/\/datalp.fr\/index.php\/wp-json\/wp\/v2\/users\/2"}],"replies":[{"embeddable":true,"href":"https:\/\/datalp.fr\/index.php\/wp-json\/wp\/v2\/comments?post=302"}],"version-history":[{"count":1,"href":"https:\/\/datalp.fr\/index.php\/wp-json\/wp\/v2\/pages\/302\/revisions"}],"predecessor-version":[{"id":303,"href":"https:\/\/datalp.fr\/index.php\/wp-json\/wp\/v2\/pages\/302\/revisions\/303"}],"wp:attachment":[{"href":"https:\/\/datalp.fr\/index.php\/wp-json\/wp\/v2\/media?parent=302"}],"curies":[{"name":"wp","href":"https:\/\/api.w.org\/{rel}","templated":true}]}}