{"id":38,"date":"2024-05-11T07:56:02","date_gmt":"2024-05-11T05:56:02","guid":{"rendered":"https:\/\/nbiyebr.cluster023.hosting.ovh.net\/index.php\/home\/"},"modified":"2025-02-28T06:57:49","modified_gmt":"2025-02-28T05:57:49","slug":"home","status":"publish","type":"page","link":"https:\/\/datalp.fr\/","title":{"rendered":"Accueil"},"content":{"rendered":"\t\t<div data-elementor-type=\"wp-page\" data-elementor-id=\"38\" class=\"elementor elementor-38\">\n\t\t\t\t<div class=\"elementor-element elementor-element-7a08761 e-flex e-con-boxed e-con e-parent\" data-id=\"7a08761\" data-element_type=\"container\">\n\t\t\t\t\t<div class=\"e-con-inner\">\n\t\t\t\t<div class=\"elementor-element elementor-element-62f822fd elementor-widget elementor-widget-text-editor\" data-id=\"62f822fd\" data-element_type=\"widget\" data-widget_type=\"text-editor.default\">\n\t\t\t\t<div class=\"elementor-widget-container\">\n\t\t\t\t\t\t\t\t\t<h2>\u00a0<\/h2>\n<h2 class=\"wp-block-heading has-text-align-center\"><span style=\"color: #ff0000;\"><strong>DATALP<\/strong><\/span><\/h2>\n<h2 style=\"text-align: center;\" data-pm-slice=\"1 1 []\">Laboratoire de recherche priv\u00e9 en informatique<\/h2>\n<p><!-- \/wp:heading --><!-- wp:video {\"id\":141,\"align\":\"center\"} --><\/p>\n<figure class=\"wp-block-video aligncenter\"><video src=\"https:\/\/datalp.fr\/wp-content\/uploads\/2024\/05\/1053200240-lowres.mov\" preload=\"auto\" autoplay=\"autoplay\" loop=\"loop\" muted=\"\" width=\"512\" height=\"512\"><span style=\"display: inline-block; width: 0px; overflow: hidden; line-height: 0;\" data-mce-type=\"bookmark\" class=\"mce_SELRES_end\">\ufeff<\/span><\/video><\/figure>\n<p><!-- \/wp:video --><!-- wp:paragraph --><\/p>\n<p><!-- \/wp:paragraph --><!-- wp:paragraph {\"align\":\"center\"} --><\/p>\n<h2 class=\"wp-block-heading has-text-align-center\">Sp\u00e9cialiste de la s\u00e9curit\u00e9 des infrastructures r\u00e9seau des entreprises et des collectivit\u00e9s territoriales.<\/h2>\n<p><!-- \/wp:heading --><!-- wp:heading {\"textAlign\":\"center\"} --><\/p>\n<h2 class=\"wp-block-heading has-text-align-center\">Editeur pour l&rsquo;int\u00e9lligence artificielle.<\/h2>\n<p class=\"has-text-align-center\">&#8230;<\/p>\n<p><!-- \/wp:paragraph --><!-- wp:paragraph --><\/p>\n<p><!-- \/wp:paragraph --><!-- wp:quote --><\/p>\n<blockquote class=\"wp-block-quote\">\n<p><!-- wp:heading {\"textAlign\":\"center\"} --><\/p>\n<h2 class=\"wp-block-heading has-text-align-center\">D\u00e9couvrez l&rsquo;innovation 2025 de DATALP, l&rsquo;appliance IA autonome et s\u00e9curis\u00e9e.<\/h2>\n<p><!-- \/wp:heading --><em><cite>Disposez de votre propre intelligence artificielle s\u00e9curis\u00e9e et entrain\u00e9e sur vos donn\u00e9es.<\/cite><\/em><\/p>\n<\/blockquote>\n<p><!-- \/wp:quote --><!-- wp:image {\"lightbox\":{\"enabled\":false},\"id\":340,\"sizeSlug\":\"full\",\"linkDestination\":\"custom\"} --><\/p>\n<figure class=\"wp-block-image size-full\" style=\"padding-left: 240px;\"><a href=\"https:\/\/datalp.fr\/index.php\/2025\/02\/09\/nouvelle-innovation-pour-lia-datalp-un-serveur-hautement-optimise-pour-votre-intelligence-artificielle-securisee\/\"><img decoding=\"async\" class=\"wp-image-572 size-medium alignright\" src=\"https:\/\/datalp.fr\/wp-content\/uploads\/2025\/02\/rack-UK4329-51915-b-DATALP-IP-Rouge-1-300x107.png\" alt=\"\" width=\"300\" height=\"107\" srcset=\"https:\/\/datalp.fr\/wp-content\/uploads\/2025\/02\/rack-UK4329-51915-b-DATALP-IP-Rouge-1-300x107.png 300w, https:\/\/datalp.fr\/wp-content\/uploads\/2025\/02\/rack-UK4329-51915-b-DATALP-IP-Rouge-1-1024x364.png 1024w, https:\/\/datalp.fr\/wp-content\/uploads\/2025\/02\/rack-UK4329-51915-b-DATALP-IP-Rouge-1-768x273.png 768w, https:\/\/datalp.fr\/wp-content\/uploads\/2025\/02\/rack-UK4329-51915-b-DATALP-IP-Rouge-1.png 1200w\" sizes=\"(max-width: 300px) 100vw, 300px\" \/><\/a><\/figure>\n<p style=\"text-align: center;\"><!-- \/wp:image --><!-- wp:quote --><\/p>\n<blockquote class=\"wp-block-quote\">\n<h2 class=\"wp-block-heading has-x-large-font-size\" style=\"text-align: center;\"><strong>Assez des machines trop lentes !<\/strong><\/h2>\n<h2 style=\"text-align: center;\"><strong>Passez sur la DaStation<\/strong><\/h2>\n<h1><a href=\"https:\/\/datalp.fr\/index.php\/2025\/02\/09\/la-station-de-travail-evolutive-de-datalp-concu-pour-les-entreprises-et-les-collectivites\/\"><img fetchpriority=\"high\" decoding=\"async\" class=\"aligncenter wp-image-686 size-large\" src=\"https:\/\/datalp.fr\/wp-content\/uploads\/2025\/02\/DaStation-1024x854.png\" alt=\"\" width=\"1024\" height=\"854\" srcset=\"https:\/\/datalp.fr\/wp-content\/uploads\/2025\/02\/DaStation-1024x854.png 1024w, https:\/\/datalp.fr\/wp-content\/uploads\/2025\/02\/DaStation-300x250.png 300w, https:\/\/datalp.fr\/wp-content\/uploads\/2025\/02\/DaStation-768x640.png 768w, https:\/\/datalp.fr\/wp-content\/uploads\/2025\/02\/DaStation.png 1102w\" sizes=\"(max-width: 1024px) 100vw, 1024px\" \/><\/a><\/h1>\n<\/blockquote>\n<h1 class=\"wp-block-heading\">L\u2019une des IA de DATALP int\u00e9gr\u00e9e au Robot de SoftBank Robotics.<\/h1>\n<p><!-- \/wp:quote --><!-- wp:image {\"id\":504,\"width\":\"839px\",\"height\":\"auto\",\"sizeSlug\":\"full\",\"linkDestination\":\"none\"} --><\/p>\n<figure class=\"wp-block-image size-full is-resized\"><a href=\"https:\/\/datalp.fr\/index.php\/2025\/01\/06\/lune-des-ia-de-datalp-integree-au-robot-de-softbank-robotics\/\"><img decoding=\"async\" width=\"551\" height=\"371\" class=\"wp-image-504\" style=\"width: 839px; height: auto;\" src=\"https:\/\/datalp.fr\/wp-content\/uploads\/2025\/01\/image.png\" alt=\"\" srcset=\"https:\/\/datalp.fr\/wp-content\/uploads\/2025\/01\/image.png 551w, https:\/\/datalp.fr\/wp-content\/uploads\/2025\/01\/image-300x202.png 300w\" sizes=\"(max-width: 551px) 100vw, 551px\" \/><\/a><\/figure>\n<p><!-- \/wp:image --><!-- wp:paragraph --><\/p>\n<p><!-- \/wp:paragraph --><!-- wp:paragraph {\"align\":\"center\"} --><\/p>\n<p class=\"has-text-align-center\"><a href=\"https:\/\/datalp.fr\/index.php\/2025\/01\/06\/lune-des-ia-de-datalp-integree-au-robot-de-softbank-robotics\/\">Voir l&rsquo;actualit\u00e9 janvier 2025&#8230;<\/a><\/p>\n<p><!-- \/wp:paragraph --><!-- wp:quote --><\/p>\n<h1>\u00a0<\/h1>\n<h1 style=\"text-align: center;\"><a href=\"https:\/\/datalp.fr\/index.php\/cybersecurite\/\" data-type=\"link\" data-id=\"https:\/\/datalp.fr\/index.php\/cybersecurite\/\"><strong>Suivez l&rsquo;actualit\u00e9 de la CyberS\u00e9curit\u00e9<\/strong><\/a><\/h1>\n<p>\u00a0<\/p>\n<p><!-- \/wp:paragraph --><\/p>\t\t\t\t\t\t\t\t<\/div>\n\t\t\t\t<\/div>\n\t\t\t\t\t<\/div>\n\t\t\t\t<\/div>\n\t\t<div class=\"elementor-element elementor-element-5477f72 e-flex e-con-boxed e-con e-parent\" data-id=\"5477f72\" data-element_type=\"container\">\n\t\t\t\t\t<div class=\"e-con-inner\">\n\t\t\t\t<div class=\"elementor-element elementor-element-eab5467 elementor-widget elementor-widget-heading\" data-id=\"eab5467\" data-element_type=\"widget\" data-widget_type=\"heading.default\">\n\t\t\t\t<div class=\"elementor-widget-container\">\n\t\t\t\t\t<h2 class=\"elementor-heading-title elementor-size-default\">Ajoutez votre titre ici<\/h2>\t\t\t\t<\/div>\n\t\t\t\t<\/div>\n\t\t\t\t\t<\/div>\n\t\t\t\t<\/div>\n\t\t\t\t<\/div>\n\t\t","protected":false},"excerpt":{"rendered":"<p>\u00a0 DATALP Laboratoire de recherche priv\u00e9 en informatique \ufeff Sp\u00e9cialiste de la s\u00e9curit\u00e9 des infrastructures r\u00e9seau des entreprises et des collectivit\u00e9s territoriales. Editeur pour l&rsquo;int\u00e9lligence artificielle. &#8230; D\u00e9couvrez l&rsquo;innovation 2025 de DATALP, l&rsquo;appliance IA autonome et s\u00e9curis\u00e9e. Disposez de votre propre intelligence artificielle s\u00e9curis\u00e9e et entrain\u00e9e sur vos donn\u00e9es. Assez des machines trop lentes ! [&hellip;]<\/p>\n","protected":false},"author":2,"featured_media":0,"parent":0,"menu_order":0,"comment_status":"closed","ping_status":"closed","template":"","meta":{"footnotes":""},"class_list":["post-38","page","type-page","status-publish","hentry"],"_links":{"self":[{"href":"https:\/\/datalp.fr\/index.php\/wp-json\/wp\/v2\/pages\/38","targetHints":{"allow":["GET"]}}],"collection":[{"href":"https:\/\/datalp.fr\/index.php\/wp-json\/wp\/v2\/pages"}],"about":[{"href":"https:\/\/datalp.fr\/index.php\/wp-json\/wp\/v2\/types\/page"}],"author":[{"embeddable":true,"href":"https:\/\/datalp.fr\/index.php\/wp-json\/wp\/v2\/users\/2"}],"replies":[{"embeddable":true,"href":"https:\/\/datalp.fr\/index.php\/wp-json\/wp\/v2\/comments?post=38"}],"version-history":[{"count":141,"href":"https:\/\/datalp.fr\/index.php\/wp-json\/wp\/v2\/pages\/38\/revisions"}],"predecessor-version":[{"id":732,"href":"https:\/\/datalp.fr\/index.php\/wp-json\/wp\/v2\/pages\/38\/revisions\/732"}],"wp:attachment":[{"href":"https:\/\/datalp.fr\/index.php\/wp-json\/wp\/v2\/media?parent=38"}],"curies":[{"name":"wp","href":"https:\/\/api.w.org\/{rel}","templated":true}]}}