{"id":543,"date":"2025-01-14T16:18:11","date_gmt":"2025-01-14T15:18:11","guid":{"rendered":"https:\/\/datalp.fr\/?page_id=543"},"modified":"2025-01-14T16:35:32","modified_gmt":"2025-01-14T15:35:32","slug":"assistance-et-intervention-curative-sur-site-pour-remediation-sur-incident-de-securite","status":"publish","type":"page","link":"https:\/\/datalp.fr\/index.php\/assistance-et-intervention-curative-sur-site-pour-remediation-sur-incident-de-securite\/","title":{"rendered":"Assistance et intervention curative sur site pour rem\u00e9diation sur incident de s\u00e9curit\u00e9."},"content":{"rendered":"\n<p>L&rsquo;objectif principal de ce service sp\u00e9cifique est de fournir un soutien rapide et efficace aux organisations qui rencontrent des incidents de s\u00e9curit\u00e9 informatique. Ces incidents peuvent inclure des attaques de logiciels malveillants, des violations de donn\u00e9es, des tentatives d&rsquo;intrusion et toute autre menace potentielle \u00e0 la s\u00e9curit\u00e9 des syst\u00e8mes informatiques et des donn\u00e9es.<\/p>\n\n\n\n<p><\/p>\n\n\n\n<figure class=\"wp-block-image size-large\"><img fetchpriority=\"high\" decoding=\"async\" width=\"1024\" height=\"585\" src=\"https:\/\/datalp.fr\/wp-content\/uploads\/2025\/01\/DALL\u00b7E-2025-01-14-16.33.33-The-consultan-DATALP-1024x585.webp\" alt=\"\" class=\"wp-image-550\" srcset=\"https:\/\/datalp.fr\/wp-content\/uploads\/2025\/01\/DALL\u00b7E-2025-01-14-16.33.33-The-consultan-DATALP-1024x585.webp 1024w, https:\/\/datalp.fr\/wp-content\/uploads\/2025\/01\/DALL\u00b7E-2025-01-14-16.33.33-The-consultan-DATALP-300x171.webp 300w, https:\/\/datalp.fr\/wp-content\/uploads\/2025\/01\/DALL\u00b7E-2025-01-14-16.33.33-The-consultan-DATALP-768x439.webp 768w, https:\/\/datalp.fr\/wp-content\/uploads\/2025\/01\/DALL\u00b7E-2025-01-14-16.33.33-The-consultan-DATALP-1536x878.webp 1536w, https:\/\/datalp.fr\/wp-content\/uploads\/2025\/01\/DALL\u00b7E-2025-01-14-16.33.33-The-consultan-DATALP.webp 1792w\" sizes=\"(max-width: 1024px) 100vw, 1024px\" \/><\/figure>\n\n\n\n<p><\/p>\n\n\n\n<p>Une fois qu&rsquo;un incident est d\u00e9tect\u00e9, notre \u00e9quipe de sp\u00e9cialistes en s\u00e9curit\u00e9 informatique se d\u00e9place sur votre site pour \u00e9valuer la situation, identifier la source de l&rsquo;incident et mettre en \u0153uvre des mesures correctives pour r\u00e9soudre le probl\u00e8me. Notre intervention inclut \u00e9galement des mesures pour pr\u00e9venir de futurs incidents similaires.<\/p>\n\n\n\n<p>Avant toute intervention nous proc\u00e9dons \u00e0 un isolement de l&rsquo;infrastructure, cependant en fonction du type d&rsquo;attaque nous pouvons conserver certains \u00e9quipement allum\u00e9s afin de conserver en m\u00e9moire vive le code malveillant afin de pouvoir analyser l&rsquo;attaque, conserver des preuves en vue de pouvoir \u00e9ventuellement r\u00e9cup\u00e9rer les donn\u00e9es.<\/p>\n\n\n\n<blockquote class=\"wp-block-quote is-layout-flow wp-block-quote-is-layout-flow\">\n<p>Forensique<\/p>\n<\/blockquote>\n\n\n\n<p>La premi\u00e8re phase de notre intervention se focalise sur la pr\u00e9servation du plus grand nombre de preuves possible, dans le but de prot\u00e9ger vos droits. Ceci est r\u00e9alis\u00e9 principalement gr\u00e2ce \u00e0 des copies int\u00e9grales norm\u00e9es qui, avec votre consentement, peuvent \u00eatre fournies aux autorit\u00e9s judiciaires.<\/p>\n\n\n\n<p><\/p>\n\n\n\n<p>L&rsquo;intervention sur site pour rem\u00e9diation sur incident de s\u00e9curit\u00e9 informatique est donc une mesure proactive qui permet aux organisations de r\u00e9duire le temps d&rsquo;arr\u00eat caus\u00e9 par des incidents de s\u00e9curit\u00e9, de minimiser l&rsquo;impact sur les op\u00e9rations quotidiennes et de garantir la continuit\u00e9 des activit\u00e9s.<\/p>\n\n\n\n<p>Il est important de noter que notre service d&rsquo;assistance et d&rsquo;intervention sur site ne se limite pas \u00e0 la r\u00e9solution des incidents existants. Nous nous engageons \u00e9galement \u00e0 \u00e9duquer nos clients sur les meilleures pratiques de s\u00e9curit\u00e9 informatique et \u00e0 leur fournir des conseils et des recommandations pour am\u00e9liorer leur posture de s\u00e9curit\u00e9 globale.<\/p>\n\n\n\n<p>En r\u00e9sum\u00e9, notre activit\u00e9 d&rsquo;assistance et d&rsquo;intervention curative sur site pour rem\u00e9diation sur incident de s\u00e9curit\u00e9 informatique est un service crucial que DATALP offre pour aider les organisations \u00e0 se prot\u00e9ger contre les menaces de s\u00e9curit\u00e9 informatique toujours plus sophistiqu\u00e9es et en constante \u00e9volution.<\/p>\n","protected":false},"excerpt":{"rendered":"<p>L&rsquo;objectif principal de ce service sp\u00e9cifique est de fournir un soutien rapide et efficace aux organisations qui rencontrent des incidents de s\u00e9curit\u00e9 informatique. Ces incidents peuvent inclure des attaques de logiciels malveillants, des violations de donn\u00e9es, des tentatives d&rsquo;intrusion et toute autre menace potentielle \u00e0 la s\u00e9curit\u00e9 des syst\u00e8mes informatiques et des donn\u00e9es. Une fois [&hellip;]<\/p>\n","protected":false},"author":1,"featured_media":0,"parent":0,"menu_order":0,"comment_status":"closed","ping_status":"closed","template":"","meta":{"footnotes":""},"class_list":["post-543","page","type-page","status-publish","hentry"],"_links":{"self":[{"href":"https:\/\/datalp.fr\/index.php\/wp-json\/wp\/v2\/pages\/543","targetHints":{"allow":["GET"]}}],"collection":[{"href":"https:\/\/datalp.fr\/index.php\/wp-json\/wp\/v2\/pages"}],"about":[{"href":"https:\/\/datalp.fr\/index.php\/wp-json\/wp\/v2\/types\/page"}],"author":[{"embeddable":true,"href":"https:\/\/datalp.fr\/index.php\/wp-json\/wp\/v2\/users\/1"}],"replies":[{"embeddable":true,"href":"https:\/\/datalp.fr\/index.php\/wp-json\/wp\/v2\/comments?post=543"}],"version-history":[{"count":6,"href":"https:\/\/datalp.fr\/index.php\/wp-json\/wp\/v2\/pages\/543\/revisions"}],"predecessor-version":[{"id":552,"href":"https:\/\/datalp.fr\/index.php\/wp-json\/wp\/v2\/pages\/543\/revisions\/552"}],"wp:attachment":[{"href":"https:\/\/datalp.fr\/index.php\/wp-json\/wp\/v2\/media?parent=543"}],"curies":[{"name":"wp","href":"https:\/\/api.w.org\/{rel}","templated":true}]}}