{"id":768,"date":"2025-07-15T08:20:23","date_gmt":"2025-07-15T06:20:23","guid":{"rendered":"https:\/\/datalp.fr\/?page_id=768"},"modified":"2025-07-15T08:20:23","modified_gmt":"2025-07-15T06:20:23","slug":"recuperation-de-donnees","status":"publish","type":"page","link":"https:\/\/datalp.fr\/index.php\/recuperation-de-donnees\/","title":{"rendered":"R\u00e9cup\u00e9ration de donn\u00e9es"},"content":{"rendered":"\n<p>La soci\u00e9t\u00e9 DATALP est reconnue pour son expertise pointue dans le domaine de la r\u00e9cup\u00e9ration de donn\u00e9es, r\u00e9pondant efficacement aux d\u00e9fis pos\u00e9s par les supports physiquement endommag\u00e9s ainsi qu&rsquo;aux myst\u00e8res des d\u00e9faillances logiques les plus complexes. De nombreuses situations peuvent entra\u00eener la perte de donn\u00e9es essentielles pour les administrations ou les entreprises :<\/p>\n\n\n\n<p>La perte peut r\u00e9sulter d&rsquo;une simple erreur humaine ou d\u00e9couler d&rsquo;une combinaison de facteurs impr\u00e9vus. Les cyberattaques en constante \u00e9volution, les logiciels de ran\u00e7on paralysants, le vol syst\u00e9matique de donn\u00e9es par des infostealers, les attaques discr\u00e8tes, ou encore le phishing cibl\u00e9 (spear-phishing\/whaling) visant les dirigeants d&rsquo;organisations pour infiltrer les syst\u00e8mes num\u00e9riques s\u00e9curis\u00e9s\u2026<\/p>\n\n\n\n<p>Ces menaces sont compl\u00e9t\u00e9es par les d\u00e9faillances techniques des logiciels, les pannes mat\u00e9rielles inattendues (disques durs d\u00e9faillants, alimentations peu fiables, serveurs l\u00e2ch\u00e9s par leur \u00e9lectronique &#8211; particuli\u00e8rement d\u00e9sastreux en l&rsquo;absence ou en cas de d\u00e9faillances des sauvegardes g\u00e9o-redond\u00e9es), les bugs critiques aux cons\u00e9quences impr\u00e9visibles, les erreurs de configuration aux r\u00e9percussions chaotiques, et les n\u00e9gligences humaines (qui, selon de nombreuses \u00e9tudes, sont une cause majeure) : suppressions accidentelles, d\u00e9faillances infrastructurelles paralysantes, d\u00e9synchronisations de machines virtuelles, ou effondrements de contr\u00f4leurs de domaine\u2026<\/p>\n\n\n\n<p>Sans oublier les catastrophes physiques et environnementales d\u00e9vastatrices : cataclysmes naturels comme les inondations, les incendies ou les temp\u00eates qui peuvent endommager irr\u00e9m\u00e9diablement les serveurs locaux.<\/p>\n\n\n\n<p>Dans certaines situations uniques, la catastrophe peut pr\u00e9senter une sp\u00e9cificit\u00e9 telle qu&rsquo;aucun outil standard ne permet de la r\u00e9soudre. C&rsquo;est pr\u00e9cis\u00e9ment dans ces cas exceptionnels que DATALP, en tant que laboratoire priv\u00e9 de recherche appliqu\u00e9e, con\u00e7oit des outils sur-mesure, afin de r\u00e9cup\u00e9rer le maximum de donn\u00e9es r\u00e9siduelles des ab\u00eemes num\u00e9riques.<\/p>\n\n\n\n<p>De nombreuses administrations et entreprises, paralys\u00e9es par de tels d\u00e9sastres, ont fait appel \u00e0 nos services avec succ\u00e8s.<\/p>\n","protected":false},"excerpt":{"rendered":"<p>La soci\u00e9t\u00e9 DATALP est reconnue pour son expertise pointue dans le domaine de la r\u00e9cup\u00e9ration de donn\u00e9es, r\u00e9pondant efficacement aux d\u00e9fis pos\u00e9s par les supports physiquement endommag\u00e9s ainsi qu&rsquo;aux myst\u00e8res des d\u00e9faillances logiques les plus complexes. De nombreuses situations peuvent entra\u00eener la perte de donn\u00e9es essentielles pour les administrations ou les entreprises : La perte [&hellip;]<\/p>\n","protected":false},"author":1,"featured_media":0,"parent":0,"menu_order":0,"comment_status":"closed","ping_status":"closed","template":"","meta":{"footnotes":""},"class_list":["post-768","page","type-page","status-publish","hentry"],"_links":{"self":[{"href":"https:\/\/datalp.fr\/index.php\/wp-json\/wp\/v2\/pages\/768","targetHints":{"allow":["GET"]}}],"collection":[{"href":"https:\/\/datalp.fr\/index.php\/wp-json\/wp\/v2\/pages"}],"about":[{"href":"https:\/\/datalp.fr\/index.php\/wp-json\/wp\/v2\/types\/page"}],"author":[{"embeddable":true,"href":"https:\/\/datalp.fr\/index.php\/wp-json\/wp\/v2\/users\/1"}],"replies":[{"embeddable":true,"href":"https:\/\/datalp.fr\/index.php\/wp-json\/wp\/v2\/comments?post=768"}],"version-history":[{"count":1,"href":"https:\/\/datalp.fr\/index.php\/wp-json\/wp\/v2\/pages\/768\/revisions"}],"predecessor-version":[{"id":769,"href":"https:\/\/datalp.fr\/index.php\/wp-json\/wp\/v2\/pages\/768\/revisions\/769"}],"wp:attachment":[{"href":"https:\/\/datalp.fr\/index.php\/wp-json\/wp\/v2\/media?parent=768"}],"curies":[{"name":"wp","href":"https:\/\/api.w.org\/{rel}","templated":true}]}}